{"id":318,"date":"2018-10-31T12:52:21","date_gmt":"2018-10-31T12:52:21","guid":{"rendered":"http:\/\/wp.wp-preview.com\/saxon\/saxon-17\/?page_id=318"},"modified":"2019-08-23T16:42:51","modified_gmt":"2019-08-23T14:42:51","slug":"contact-us","status":"publish","type":"page","link":"https:\/\/ttt.com.bo\/?page_id=318","title":{"rendered":"Cont\u00e1ctame"},"content":{"rendered":"\n<div class=\"wp-block-columns has-2-columns is-layout-flex wp-container-core-columns-is-layout-9d6595d7 wp-block-columns-is-layout-flex\">\n<div class=\"wp-block-column is-layout-flow wp-block-column-is-layout-flow\">\n<h2 class=\"wp-block-heading\">Hola \u00bfTe gusta lo que hago?<\/h2>\n\n\n\n<p>D\u00eda a d\u00eda trabajo para brindar el mejor contenido y hacer que la industria de la tecnolog\u00eda se desarrolle con fuerza en el pa\u00eds. Si te gusta lo que hago puedes ayudarme compartiendo mi contenido, tu apoyo es muy importante para el desarrollo y crecimiento de esta maravillosa aventura.<\/p>\n\n\n\n<p>De igual manera si te interesa realizar alg\u00fan contacto para hablar de negocios conmigo eres bienvenido. Te dejo un formulario en el cual podr\u00e1s dejarme tus datos y nos podemos mantener en contacto.<\/p>\n\n\n\n<p>De igual manera cualquier inquietud que tengas puedes escribirme, mi correo electr\u00f3nico es\u00a0<a href=\"mailto:thetruecontacts@gmail.com\">thetruecontacts@gmail.com<\/a> <\/p>\n\n\n\n<p><\/p>\n<\/div>\n\n\n\n<div class=\"wp-block-column is-layout-flow wp-block-column-is-layout-flow\">\n<h2 class=\"wp-block-heading\">Escr\u00edbeme<\/h2>\n\n\n\n<div class=\"wpcf7 no-js\" id=\"wpcf7-f8-o1\" lang=\"es-ES\" dir=\"ltr\" data-wpcf7-id=\"8\">\n<div class=\"screen-reader-response\"><p role=\"status\" aria-live=\"polite\" aria-atomic=\"true\"><\/p> <ul><\/ul><\/div>\n<form action=\"\/index.php?rest_route=%2Fwp%2Fv2%2Fpages%2F318#wpcf7-f8-o1\" method=\"post\" class=\"wpcf7-form init\" aria-label=\"Formulario de contacto\" novalidate=\"novalidate\" data-status=\"init\">\n<fieldset class=\"hidden-fields-container\"><input type=\"hidden\" name=\"_wpcf7\" value=\"8\" \/><input type=\"hidden\" name=\"_wpcf7_version\" value=\"6.1.5\" \/><input type=\"hidden\" name=\"_wpcf7_locale\" value=\"es_ES\" \/><input type=\"hidden\" name=\"_wpcf7_unit_tag\" value=\"wpcf7-f8-o1\" \/><input type=\"hidden\" name=\"_wpcf7_container_post\" value=\"0\" \/><input type=\"hidden\" name=\"_wpcf7_posted_data_hash\" value=\"\" \/>\n<\/fieldset>\n<p><label> Tu nombre (required)<br \/>\n<span class=\"wpcf7-form-control-wrap\" data-name=\"your-name\"><input size=\"40\" maxlength=\"400\" class=\"wpcf7-form-control wpcf7-text wpcf7-validates-as-required\" aria-required=\"true\" aria-invalid=\"false\" value=\"\" type=\"text\" name=\"your-name\" \/><\/span> <\/label>\n<\/p>\n<p><label> Tu correo electr\u00f3nico (required)<br \/>\n<span class=\"wpcf7-form-control-wrap\" data-name=\"your-email\"><input size=\"40\" maxlength=\"400\" class=\"wpcf7-form-control wpcf7-email wpcf7-validates-as-required wpcf7-text wpcf7-validates-as-email\" aria-required=\"true\" aria-invalid=\"false\" value=\"\" type=\"email\" name=\"your-email\" \/><\/span> <\/label>\n<\/p>\n<p><label> Titulo<br \/>\n<span class=\"wpcf7-form-control-wrap\" data-name=\"your-subject\"><input size=\"40\" maxlength=\"400\" class=\"wpcf7-form-control wpcf7-text\" aria-invalid=\"false\" value=\"\" type=\"text\" name=\"your-subject\" \/><\/span> <\/label>\n<\/p>\n<p><label> Tu mensaje<br \/>\n<span class=\"wpcf7-form-control-wrap\" data-name=\"your-message\"><textarea cols=\"40\" rows=\"10\" maxlength=\"2000\" class=\"wpcf7-form-control wpcf7-textarea\" aria-invalid=\"false\" name=\"your-message\"><\/textarea><\/span> <\/label>\n<\/p>\n<p><input class=\"wpcf7-form-control wpcf7-submit has-spinner\" type=\"submit\" value=\"Enviar mensaje\" \/>\n<\/p><p style=\"display: none !important;\" class=\"akismet-fields-container\" data-prefix=\"_wpcf7_ak_\"><label>&#916;<textarea name=\"_wpcf7_ak_hp_textarea\" cols=\"45\" rows=\"8\" maxlength=\"100\"><\/textarea><\/label><input type=\"hidden\" id=\"ak_js_1\" name=\"_wpcf7_ak_js\" value=\"143\"\/><script type=\"text\/javascript\">\n\/* <![CDATA[ *\/\ndocument.getElementById( \"ak_js_1\" ).setAttribute( \"value\", ( new Date() ).getTime() );\n\/* ]]> *\/\n<\/script>\n<\/p><div class=\"wpcf7-response-output\" aria-hidden=\"true\"><\/div>\n<\/form>\n<\/div>\n\n<\/div>\n<\/div>\n\n\n\n<hr class=\"wp-block-separator\"\/>\n","protected":false},"excerpt":{"rendered":"<p>Hola \u00bfTe gusta lo que hago? D\u00eda a d\u00eda trabajo para brindar el mejor contenido y hacer que la industria de la tecnolog\u00eda se desarrolle con fuerza en el pa\u00eds. Si te gusta lo que&#8230;<\/p>\n","protected":false},"author":1,"featured_media":0,"parent":0,"menu_order":0,"comment_status":"closed","ping_status":"closed","template":"","meta":{"footnotes":""},"class_list":["post-318","page","type-page","status-publish","hentry"],"yoast_head":"<!-- This site is optimized with the Yoast SEO plugin v27.5 - https:\/\/yoast.com\/product\/yoast-seo-wordpress\/ -->\n<title>Cont\u00e1ctame - True Tech Bolivia<\/title>\n<meta name=\"robots\" content=\"index, follow, max-snippet:-1, max-image-preview:large, max-video-preview:-1\" \/>\n<link rel=\"canonical\" href=\"https:\/\/ttt.com.bo\/?page_id=318\" \/>\n<meta property=\"og:locale\" content=\"es_ES\" \/>\n<meta property=\"og:type\" content=\"article\" \/>\n<meta property=\"og:title\" content=\"Cont\u00e1ctame - True Tech Bolivia\" \/>\n<meta property=\"og:description\" content=\"Hola \u00bfTe gusta lo que hago? D\u00eda a d\u00eda trabajo para brindar el mejor contenido y hacer que la industria de la tecnolog\u00eda se desarrolle con fuerza en el pa\u00eds. Si te gusta lo que...\" \/>\n<meta property=\"og:url\" content=\"https:\/\/ttt.com.bo\/?page_id=318\" \/>\n<meta property=\"og:site_name\" content=\"True Tech Bolivia\" \/>\n<meta property=\"article:publisher\" content=\"https:\/\/www.facebook.com\/tioetruetech\/\" \/>\n<meta property=\"article:modified_time\" content=\"2019-08-23T14:42:51+00:00\" \/>\n<meta name=\"twitter:card\" content=\"summary_large_image\" \/>\n<meta name=\"twitter:site\" content=\"@tiotruetech\" \/>\n<meta name=\"twitter:label1\" content=\"Tiempo de lectura\" \/>\n\t<meta name=\"twitter:data1\" content=\"1 minuto\" \/>\n<script type=\"application\/ld+json\" class=\"yoast-schema-graph\">{\"@context\":\"https:\\\/\\\/schema.org\",\"@graph\":[{\"@type\":\"WebPage\",\"@id\":\"https:\\\/\\\/ttt.com.bo\\\/?page_id=318\",\"url\":\"https:\\\/\\\/ttt.com.bo\\\/?page_id=318\",\"name\":\"Cont\u00e1ctame - True Tech Bolivia\",\"isPartOf\":{\"@id\":\"https:\\\/\\\/ttt.com.bo\\\/#website\"},\"datePublished\":\"2018-10-31T12:52:21+00:00\",\"dateModified\":\"2019-08-23T14:42:51+00:00\",\"breadcrumb\":{\"@id\":\"https:\\\/\\\/ttt.com.bo\\\/?page_id=318#breadcrumb\"},\"inLanguage\":\"es\",\"potentialAction\":[{\"@type\":\"ReadAction\",\"target\":[\"https:\\\/\\\/ttt.com.bo\\\/?page_id=318\"]}]},{\"@type\":\"BreadcrumbList\",\"@id\":\"https:\\\/\\\/ttt.com.bo\\\/?page_id=318#breadcrumb\",\"itemListElement\":[{\"@type\":\"ListItem\",\"position\":1,\"name\":\"Portada\",\"item\":\"https:\\\/\\\/ttt.com.bo\\\/\"},{\"@type\":\"ListItem\",\"position\":2,\"name\":\"Cont\u00e1ctame\"}]},{\"@type\":\"WebSite\",\"@id\":\"https:\\\/\\\/ttt.com.bo\\\/#website\",\"url\":\"https:\\\/\\\/ttt.com.bo\\\/\",\"name\":\"True Tech Bolivia\",\"description\":\"Tecnolog\u00eda a tu alcance\",\"publisher\":{\"@id\":\"https:\\\/\\\/ttt.com.bo\\\/#organization\"},\"potentialAction\":[{\"@type\":\"SearchAction\",\"target\":{\"@type\":\"EntryPoint\",\"urlTemplate\":\"https:\\\/\\\/ttt.com.bo\\\/?s={search_term_string}\"},\"query-input\":{\"@type\":\"PropertyValueSpecification\",\"valueRequired\":true,\"valueName\":\"search_term_string\"}}],\"inLanguage\":\"es\"},{\"@type\":\"Organization\",\"@id\":\"https:\\\/\\\/ttt.com.bo\\\/#organization\",\"name\":\"The True Tech Bolivia\",\"url\":\"https:\\\/\\\/ttt.com.bo\\\/\",\"logo\":{\"@type\":\"ImageObject\",\"inLanguage\":\"es\",\"@id\":\"https:\\\/\\\/ttt.com.bo\\\/#\\\/schema\\\/logo\\\/image\\\/\",\"url\":\"https:\\\/\\\/ttt.com.bo\\\/wp-content\\\/uploads\\\/2020\\\/09\\\/LOGO-05.png\",\"contentUrl\":\"https:\\\/\\\/ttt.com.bo\\\/wp-content\\\/uploads\\\/2020\\\/09\\\/LOGO-05.png\",\"width\":1060,\"height\":1060,\"caption\":\"The True Tech Bolivia\"},\"image\":{\"@id\":\"https:\\\/\\\/ttt.com.bo\\\/#\\\/schema\\\/logo\\\/image\\\/\"},\"sameAs\":[\"https:\\\/\\\/www.facebook.com\\\/tioetruetech\\\/\",\"https:\\\/\\\/x.com\\\/tiotruetech\",\"https:\\\/\\\/www.instagram.com\\\/tioetruetech\\\/\",\"https:\\\/\\\/www.youtube.com\\\/channel\\\/UCgTkcGccJ5oZANJnDq0TWwQ\\\/videos\"]}]}<\/script>\n<!-- \/ Yoast SEO plugin. -->","yoast_head_json":{"title":"Cont\u00e1ctame - True Tech Bolivia","robots":{"index":"index","follow":"follow","max-snippet":"max-snippet:-1","max-image-preview":"max-image-preview:large","max-video-preview":"max-video-preview:-1"},"canonical":"https:\/\/ttt.com.bo\/?page_id=318","og_locale":"es_ES","og_type":"article","og_title":"Cont\u00e1ctame - True Tech Bolivia","og_description":"Hola \u00bfTe gusta lo que hago? D\u00eda a d\u00eda trabajo para brindar el mejor contenido y hacer que la industria de la tecnolog\u00eda se desarrolle con fuerza en el pa\u00eds. Si te gusta lo que...","og_url":"https:\/\/ttt.com.bo\/?page_id=318","og_site_name":"True Tech Bolivia","article_publisher":"https:\/\/www.facebook.com\/tioetruetech\/","article_modified_time":"2019-08-23T14:42:51+00:00","twitter_card":"summary_large_image","twitter_site":"@tiotruetech","twitter_misc":{"Tiempo de lectura":"1 minuto"},"schema":{"@context":"https:\/\/schema.org","@graph":[{"@type":"WebPage","@id":"https:\/\/ttt.com.bo\/?page_id=318","url":"https:\/\/ttt.com.bo\/?page_id=318","name":"Cont\u00e1ctame - True Tech Bolivia","isPartOf":{"@id":"https:\/\/ttt.com.bo\/#website"},"datePublished":"2018-10-31T12:52:21+00:00","dateModified":"2019-08-23T14:42:51+00:00","breadcrumb":{"@id":"https:\/\/ttt.com.bo\/?page_id=318#breadcrumb"},"inLanguage":"es","potentialAction":[{"@type":"ReadAction","target":["https:\/\/ttt.com.bo\/?page_id=318"]}]},{"@type":"BreadcrumbList","@id":"https:\/\/ttt.com.bo\/?page_id=318#breadcrumb","itemListElement":[{"@type":"ListItem","position":1,"name":"Portada","item":"https:\/\/ttt.com.bo\/"},{"@type":"ListItem","position":2,"name":"Cont\u00e1ctame"}]},{"@type":"WebSite","@id":"https:\/\/ttt.com.bo\/#website","url":"https:\/\/ttt.com.bo\/","name":"True Tech Bolivia","description":"Tecnolog\u00eda a tu alcance","publisher":{"@id":"https:\/\/ttt.com.bo\/#organization"},"potentialAction":[{"@type":"SearchAction","target":{"@type":"EntryPoint","urlTemplate":"https:\/\/ttt.com.bo\/?s={search_term_string}"},"query-input":{"@type":"PropertyValueSpecification","valueRequired":true,"valueName":"search_term_string"}}],"inLanguage":"es"},{"@type":"Organization","@id":"https:\/\/ttt.com.bo\/#organization","name":"The True Tech Bolivia","url":"https:\/\/ttt.com.bo\/","logo":{"@type":"ImageObject","inLanguage":"es","@id":"https:\/\/ttt.com.bo\/#\/schema\/logo\/image\/","url":"https:\/\/ttt.com.bo\/wp-content\/uploads\/2020\/09\/LOGO-05.png","contentUrl":"https:\/\/ttt.com.bo\/wp-content\/uploads\/2020\/09\/LOGO-05.png","width":1060,"height":1060,"caption":"The True Tech Bolivia"},"image":{"@id":"https:\/\/ttt.com.bo\/#\/schema\/logo\/image\/"},"sameAs":["https:\/\/www.facebook.com\/tioetruetech\/","https:\/\/x.com\/tiotruetech","https:\/\/www.instagram.com\/tioetruetech\/","https:\/\/www.youtube.com\/channel\/UCgTkcGccJ5oZANJnDq0TWwQ\/videos"]}]}},"_links":{"self":[{"href":"https:\/\/ttt.com.bo\/index.php?rest_route=\/wp\/v2\/pages\/318","targetHints":{"allow":["GET"]}}],"collection":[{"href":"https:\/\/ttt.com.bo\/index.php?rest_route=\/wp\/v2\/pages"}],"about":[{"href":"https:\/\/ttt.com.bo\/index.php?rest_route=\/wp\/v2\/types\/page"}],"author":[{"embeddable":true,"href":"https:\/\/ttt.com.bo\/index.php?rest_route=\/wp\/v2\/users\/1"}],"replies":[{"embeddable":true,"href":"https:\/\/ttt.com.bo\/index.php?rest_route=%2Fwp%2Fv2%2Fcomments&post=318"}],"version-history":[{"count":5,"href":"https:\/\/ttt.com.bo\/index.php?rest_route=\/wp\/v2\/pages\/318\/revisions"}],"predecessor-version":[{"id":1233,"href":"https:\/\/ttt.com.bo\/index.php?rest_route=\/wp\/v2\/pages\/318\/revisions\/1233"}],"wp:attachment":[{"href":"https:\/\/ttt.com.bo\/index.php?rest_route=%2Fwp%2Fv2%2Fmedia&parent=318"}],"curies":[{"name":"wp","href":"https:\/\/api.w.org\/{rel}","templated":true}]}}